{"id":189,"date":"2020-07-28T14:29:42","date_gmt":"2020-07-28T12:29:42","guid":{"rendered":"http:\/\/www.autonome.me\/?page_id=189"},"modified":"2020-07-28T14:29:42","modified_gmt":"2020-07-28T12:29:42","slug":"assurance-auto-handicape","status":"publish","type":"page","link":"https:\/\/www.autonome.me\/index.php\/assurance-auto-handicape\/","title":{"rendered":"Assurance auto handicap\u00e9"},"content":{"rendered":"\n\t\t\t\t<img loading=\"lazy\" src=\"http:\/\/www.autonome.me\/wp-content\/uploads\/2020\/07\/ecomatin.net-assurance-automobile-nsia-supplante-chanas-et-beneficial-au-pndp-assurance-voiture.jpg\" alt=\"assurance\" itemprop=\"image\" height=\"531\" width=\"800\" title=\"assurance\" onerror=\"this.style.display='none'\"  \/>\n\t<p><strong>Comment assurer un v\u00e9hicule adapt\u00e9 quand on est en situation de handicap et surtout \u00e0 quelles conditions ?<\/strong><\/p>\n<hr \/>\n<h1><strong>Faut-il signaler son handicap \u00e0 son assurance ?<\/strong><\/h1>\n<p>Comme n\u2019importe quel automobiliste, une personne \u00e0 mobilit\u00e9 r\u00e9duite est tenue de d\u00e9clarer son handicap \u00e0 son assurance. Cela peut \u00eatre fait au moment de souscrire \u00e0 votre assurance ou bien en cours si l\u2019handicap se manifeste.<\/p>\n<p>En signalant \u00e0 votre assureur votre handicap, vous garantissez ainsi \u00e0 votre v\u00e9hicule tpmr ou votre v\u00e9hicule adapt\u00e9 d\u2019\u00eatre couvert en cas de dommage ou de vol. Cela permet de couvrir les am\u00e9nagements de votre v\u00e9hicule tpmr qui sont g\u00e9n\u00e9ralement co\u00fbteux.<\/p>\n<p>En cas d\u2019accident, votre voiture est couverte, mais \u00e9galement votre \u00e9quipement si celui-ci est d\u00e9t\u00e9rior\u00e9.<\/p>\n<h1><strong>L\u2019assurance TPMR est-elle major\u00e9e \u00e0 cause du handicap ?<\/strong><\/h1>\n<p>Il est interdit aux assurances de discriminer leurs clients en fonction de leur handicap. Selon le principe d\u2019\u00e9galit\u00e9, elles doivent appliquer le m\u00eame tarif \u00e0 tous leurs clients.<\/p>\n<p>Cependant, un v\u00e9hicule TPMR ou une voiture am\u00e9nag\u00e9e sont des v\u00e9hicules plus chers de part leurs adaptations. Il est tr\u00e8s probable que le prix de l\u2019assurance varie en fonction de la valeur du v\u00e9hicule, ainsi que de l\u2019am\u00e9nagement.<\/p>\n<p>Nous vous conseillons de bien vous renseigner et de comparer les tarifs des assurances.<\/p>\n\t<hr>\n","protected":false},"excerpt":{"rendered":"<p>Comment assurer un v\u00e9hicule adapt\u00e9 quand on est en situation de handicap et surtout \u00e0 quelles conditions ? Faut-il signaler son handicap \u00e0 son assurance ? Comme n\u2019importe quel automobiliste, une personne \u00e0 mobilit\u00e9 r\u00e9duite est tenue de d\u00e9clarer son handicap \u00e0 son assurance. Cela peut \u00eatre fait au moment de souscrire \u00e0 votre assurance [&hellip;]<\/p>\n","protected":false},"author":1,"featured_media":0,"parent":0,"menu_order":0,"comment_status":"closed","ping_status":"closed","template":"","meta":[],"_links":{"self":[{"href":"https:\/\/www.autonome.me\/index.php\/wp-json\/wp\/v2\/pages\/189"}],"collection":[{"href":"https:\/\/www.autonome.me\/index.php\/wp-json\/wp\/v2\/pages"}],"about":[{"href":"https:\/\/www.autonome.me\/index.php\/wp-json\/wp\/v2\/types\/page"}],"author":[{"embeddable":true,"href":"https:\/\/www.autonome.me\/index.php\/wp-json\/wp\/v2\/users\/1"}],"replies":[{"embeddable":true,"href":"https:\/\/www.autonome.me\/index.php\/wp-json\/wp\/v2\/comments?post=189"}],"version-history":[{"count":2,"href":"https:\/\/www.autonome.me\/index.php\/wp-json\/wp\/v2\/pages\/189\/revisions"}],"predecessor-version":[{"id":192,"href":"https:\/\/www.autonome.me\/index.php\/wp-json\/wp\/v2\/pages\/189\/revisions\/192"}],"wp:attachment":[{"href":"https:\/\/www.autonome.me\/index.php\/wp-json\/wp\/v2\/media?parent=189"}],"curies":[{"name":"wp","href":"https:\/\/api.w.org\/{rel}","templated":true}]}}