{"id":193,"date":"2020-07-28T16:32:36","date_gmt":"2020-07-28T14:32:36","guid":{"rendered":"http:\/\/www.autonome.me\/?page_id=193"},"modified":"2020-07-28T16:34:31","modified_gmt":"2020-07-28T14:34:31","slug":"dossier-mdph","status":"publish","type":"page","link":"https:\/\/www.autonome.me\/index.php\/dossier-mdph\/","title":{"rendered":"DOSSIER MDPH"},"content":{"rendered":"\n\t\t\t\t<img loading=\"lazy\" src=\"http:\/\/www.autonome.me\/wp-content\/uploads\/2020\/07\/nv_formulaire.jpg\" alt=\"Formulaire de demande - MDPH\" itemprop=\"image\" height=\"540\" width=\"2462\" title=\"Formulaire de demande - MDPH\" onerror=\"this.style.display='none'\"  \/>\n\t<p>Le dossier MDPH permet de faire reconna\u00eetre une invalidit\u00e9 aupr\u00e8s de l\u2019Etat, d\u2019\u00eatre conseill\u00e9 dans la r\u00e9alisation du projet de vie et d\u2019initier des demandes de prise en charge afin de couvrir les frais li\u00e9s au handicap. Voici un r\u00e9capitulatif des pi\u00e8ces \u00e0 rassembler pour simplifier cette d\u00e9marche souvent complexe.<\/p>\n<h1 id=\"separation1\">Pi\u00e8ces \u00e0 joindre \u00e0 votre dossier MDPH<\/h1>\n<p><strong>1. Formulaire unique pour toutes les demandes de prestations<\/strong><\/p>\n<p>Ce formulaire s&rsquo;adresse aussi bien aux enfants qu&rsquo;aux adultes handicap\u00e9s. Ne compl\u00e9tez que les sections qui vous concernent (rubriques de A \u00e0 K).<\/p>\n<ul>\n<li><a href=\"https:\/\/www.formulaires.modernisation.gouv.fr\/gf\/cerfa_15695.do\">T\u00e9l\u00e9charger le formulaire Cerfa<\/a>\u00a0: \u00e0 remplir directement sur votre ordinateur<\/li>\n<li>OU\u00a0<a href=\"http:\/\/www.action-sociale.org\/documents\/cerfa_13788-manuscrit.pdf\">t\u00e9l\u00e9charger le formulaire Cerfa<\/a>\u00a0: \u00e0 remplir \u00e0 la main<\/li>\n<\/ul>\n<p>La MDPH a cr\u00e9\u00e9 une notice explicative pour vous aider \u00e0 remplir le formulaire<\/p>\n<ul>\n<li><a href=\"https:\/\/www.formulaires.modernisation.gouv.fr\/gf\/getNotice.do?cerfaNotice=52154&amp;cerfaFormulaire=15695\">T\u00e9l\u00e9charger la notice explicative du formulaire Cerfa<\/a><\/li>\n<\/ul>\n<p><strong>2. Certificat m\u00e9dical \u00e0 remplir par le m\u00e9decin<\/strong><\/p>\n<ul>\n<li><a href=\"https:\/\/www.formulaires.modernisation.gouv.fr\/gf\/cerfa_15695.do\">T\u00e9l\u00e9charger le certificat m\u00e9dical<\/a><\/li>\n<li><a href=\"https:\/\/www.formulaires.modernisation.gouv.fr\/gf\/getNotice.do?cerfaNotice=52154&amp;cerfaFormulaire=15695\">T\u00e9l\u00e9charger la notice explicative du certificat m\u00e9dical<\/a><\/li>\n<\/ul>\n<p>Le certificat m\u00e9dical doit \u00eatre rempli, sign\u00e9 et tamponn\u00e9 par votre m\u00e9decin traitant. Il doit \u00eatre dat\u00e9 de moins de trois mois et plac\u00e9 dans un pli confidentiel.<\/p>\n<h3><strong>3. Bilan ophtalmologique (seulement pour les pathologies des yeux)<\/strong><\/h3>\n<ul>\n<li><a href=\"http:\/\/www.cnsa.fr\/documentation\/certificat_oph_2r.pdf\">T\u00e9l\u00e9charger le compte rendu type pour un bilan ophtalmologique \u00e0 joindre au certificat m\u00e9dical.<\/a><\/li>\n<\/ul>\n<h2 id=\"separation2\">Pi\u00e8ces justificatives administratives<\/h2>\n<strong>1. Carte d\u2019identit\u00e9<br \/>\n<\/strong>Joignez une photocopie d\u2019une pi\u00e8ce d\u2019identit\u00e9\u00a0: passeport, carte d\u2019identit\u00e9 ou permis.\n<strong>2. Justificatif de domicile<br \/>\n<\/strong>Joignez une photocopie d\u2019un justificatif de domicile (quittance de loyer, attestation d\u2019assurance habitation ou facture).\n<strong>3. Sous protection<br \/>\n<\/strong>Si la personne est plac\u00e9e sous protection, joignez une photocopie de l\u2019acte de protection juridique (tutelle, curatelle, sauvegarde de justice).\n<h2 id=\"separation3\">Pi\u00e8ces compl\u00e9mentaires en fonction de vos demandes<\/h2>\n<p>Les pi\u00e8ces requises sont fonction des demandes de prestation effectu\u00e9es au sein des rubriques du formulaire unique Cerfa.<\/p>\n<h3>Demande de carte handicap\u00e9e\u00a0: Carte Mobilit\u00e9 Inclusion (CMI)<\/h3>\n<p>Vous souhaitez acqu\u00e9rir une\u00a0<a href=\"http:\/\/www.autonome.me\/index.php\/stationnement-handicape\/\">Carte Mobilit\u00e9 Inclusion<\/a>\u00a0(CMI)\u00a0: de priorit\u00e9 ou d\u2019invalidit\u00e9 ou de stationnement, voici les \u00e9l\u00e9ments \u00e0 joindre en plus\u00a0:<\/p>\n<ul>\n<li>Photo d\u2019identit\u00e9<\/li>\n<li>Une photocopie d\u2019un justificatif de pension d\u2019invalidit\u00e9 de 3\u00e8me cat\u00e9gorie ou l\u2019Allocation Personnalis\u00e9e d&rsquo;Autonomie (APA),\u00a0<strong>si vous la percevez<\/strong><\/li>\n<\/ul>\n<h3>Demande d\u2019AAH ou demande relative au travail<\/h3>\n<p>Si vous percevez une pension d\u2019invalidit\u00e9 de 3\u00e8me cat\u00e9gorie :<\/p>\n<ul>\n<li>Joignez une photocopie du justificatif de pension d&rsquo;invalidit\u00e9 de 3\u00e8me cat\u00e9gorie<\/li>\n<\/ul>\n<p>Vous formulez une demande d\u2019orientation ou de formation (hors ESAT), et\/ou une demande d\u2019AAH :<\/p>\n<ul>\n<li>un CV<\/li>\n<li>Photocopie de vos bilans de stage\/formation<\/li>\n<li>Fiche d\u2019aptitude ou d\u2019inaptitude du m\u00e9decin du travail<\/li>\n<li>Joignez un bilan ou rapport de prise en charge m\u00e9dico-social<\/li>\n<\/ul>\n<h3>Demande d\u2019orientation vers un \u00e9tablissement ou service m\u00e9dico-social pour adultes<\/h3>\n<p>Vous \u00eates dans un ESAT, une structure de travail, un \u00e9tablissement ou un service m\u00e9dico-social pour adulte:<\/p>\n<ul>\n<li>Un bilan de prise en charge m\u00e9dico-social<\/li>\n<\/ul>\n\t<hr>\n","protected":false},"excerpt":{"rendered":"<p>Le dossier MDPH permet de faire reconna\u00eetre une invalidit\u00e9 aupr\u00e8s de l\u2019Etat, d\u2019\u00eatre conseill\u00e9 dans la r\u00e9alisation du projet de vie et d\u2019initier des demandes de prise en charge afin de couvrir les frais li\u00e9s au handicap. Voici un r\u00e9capitulatif des pi\u00e8ces \u00e0 rassembler pour simplifier cette d\u00e9marche souvent complexe. Pi\u00e8ces \u00e0 joindre \u00e0 votre [&hellip;]<\/p>\n","protected":false},"author":1,"featured_media":0,"parent":0,"menu_order":0,"comment_status":"closed","ping_status":"closed","template":"","meta":[],"_links":{"self":[{"href":"https:\/\/www.autonome.me\/index.php\/wp-json\/wp\/v2\/pages\/193"}],"collection":[{"href":"https:\/\/www.autonome.me\/index.php\/wp-json\/wp\/v2\/pages"}],"about":[{"href":"https:\/\/www.autonome.me\/index.php\/wp-json\/wp\/v2\/types\/page"}],"author":[{"embeddable":true,"href":"https:\/\/www.autonome.me\/index.php\/wp-json\/wp\/v2\/users\/1"}],"replies":[{"embeddable":true,"href":"https:\/\/www.autonome.me\/index.php\/wp-json\/wp\/v2\/comments?post=193"}],"version-history":[{"count":3,"href":"https:\/\/www.autonome.me\/index.php\/wp-json\/wp\/v2\/pages\/193\/revisions"}],"predecessor-version":[{"id":198,"href":"https:\/\/www.autonome.me\/index.php\/wp-json\/wp\/v2\/pages\/193\/revisions\/198"}],"wp:attachment":[{"href":"https:\/\/www.autonome.me\/index.php\/wp-json\/wp\/v2\/media?parent=193"}],"curies":[{"name":"wp","href":"https:\/\/api.w.org\/{rel}","templated":true}]}}