{"id":199,"date":"2020-07-28T16:50:54","date_gmt":"2020-07-28T14:50:54","guid":{"rendered":"http:\/\/www.autonome.me\/?page_id=199"},"modified":"2022-04-27T19:45:26","modified_gmt":"2022-04-27T17:45:26","slug":"aides-aux-personnes-handicapees","status":"publish","type":"page","link":"https:\/\/www.autonome.me\/index.php\/aides-aux-personnes-handicapees\/","title":{"rendered":"Aides aux personnes handicap\u00e9es"},"content":{"rendered":"\n\n\t\t\t\t<img src=\"http:\/\/www.autonome.me\/wp-content\/uploads\/2020\/07\/Quel-est-parcours-achat-voiture-neuve-F.jpg\" alt=\"Quel-est-parcours-achat-voiture-neuve--F\" itemprop=\"image\" title=\"Quel-est-parcours-achat-voiture-neuve--F\" onerror=\"this.style.display='none'\"  \/>\n\t<p>Il existe plusieurs aides financi\u00e8res \u00e0 destination des personnes handicap\u00e9es pour compenser les surco\u00fbts qui peuvent exister au quotidien. Voici quelques informations qui peuvent vous \u00eatre utiles notamment sur les questions de prise en charge de transport ou d&rsquo;achat d&rsquo;un v\u00e9hicule am\u00e9nag\u00e9.<\/p>\n<hr \/>\n<p>Parmi les diff\u00e9rentes aides de financement qui existent pour l&rsquo;achat d&rsquo;un v\u00e9hicule am\u00e9nag\u00e9, l&rsquo;agefiph est l&rsquo;une des plus importantes. Voici ce qu&rsquo;il faut savoir.<\/p>\n<h1>Quelles sont les aides financi\u00e8res agefiph ?<\/h1>\n<strong>Si vous souhaitez faire l&rsquo;acquisition d&rsquo;un v\u00e9hicule am\u00e9nag\u00e9<br \/>\n<\/strong>L&rsquo;agefiph participe \u00e0 l&rsquo;achat du v\u00e9hicule\u00a0<strong>jusqu&rsquo;\u00e0 4 575 euros<\/strong>\u00a0sous forme d&rsquo;une subvention non renouvelable. La condition indispensable pour profiter de l&rsquo;aide est que le v\u00e9hicule doit \u00eatre n\u00e9cessaire pour acc\u00e9der \u00e0 un emploi ou le conserver.\n<strong>Si vous souhaitez faire am\u00e9nager un v\u00e9hicule<br \/>\n<\/strong>L&rsquo;agefiph participe au co\u00fbt de l&rsquo;am\u00e9nagement du v\u00e9hicule. La subvention ne d\u00e9passera pas 50 % du co\u00fbt total de l&rsquo;am\u00e9nagement et est\u00a0<strong>plafonn\u00e9e \u00e0 9 150 euros<\/strong>. La condition indispensable pour profiter de l&rsquo;aide est que l&rsquo;am\u00e9nagement du v\u00e9hicule doit \u00eatre n\u00e9cessaire pour acc\u00e9der \u00e0 un emploi ou le conserver.\n<strong>Qui peut b\u00e9n\u00e9ficier de l&rsquo;aide agefiph ?<br \/>\n<\/strong>L&rsquo;aide est \u00e0 destination des personnes handicap\u00e9es souhaitant prendre un emploi ou le conserver. La personne \u00e0 mobilit\u00e9 r\u00e9duite est la seule destinataire de la subvention Agefiph.\n<strong>Comment faire votre demande ?<br \/>\n<\/strong>Voici les \u00e9l\u00e9ments \u00e0 joindre \u00e0 votre dossier\n<ul>\n<li>Un d\u00e9tail de votre projet expliquant comment l&rsquo;aide agefiph peut vous \u00eatre utile et le montant de l&rsquo;aide demand\u00e9e<\/li>\n<li>Une attestation de votre situation (employeur si vous \u00eates d\u00e9j\u00e0 embauch\u00e9, de p\u00f4le emploi si vous ne l&rsquo;\u00eates pas) : promesse d&#8217;embauche, bulletin de salaire, attestation p\u00f4le emploi etc&#8230;<\/li>\n<li>Une copie du justificatif de votre statut de personne \u00e0 mobilit\u00e9 r\u00e9duite<\/li>\n<li>Un RIB<\/li>\n<li>Remplir le dossier de demande \u00e0\u00a0<a href=\"https:\/\/www.agefiph.fr\/content\/download\/920655\/22771462\/version\/2\/file\/demande+intervention+avec+notice+avril+2018.pdf\">t\u00e9l\u00e9charger ici<\/a><\/li>\n<\/ul>\n\n<hr \/>\n<h1>La PCH<\/h1>\n<p>Tout savoir sur la PCH, cette prestation de compensation du handicap vers\u00e9e par le d\u00e9partement via la Maison D\u00e9partementale des Personnes Handicap\u00e9es (MDPH).<\/p>\n<strong>Qu&rsquo;est-ce que la PCH ?<br \/>\n<\/strong>La PCH qui signifie Prestation de Compensation du Handicap, est une aide financi\u00e8re qui a pour objectif de compenser les d\u00e9penses li\u00e9es \u00e0 une perte d&rsquo;autonomie due \u00e0 un handicap. Cette aide est personnalis\u00e9e et son montant est fix\u00e9 en fonction de plusieurs crit\u00e8res tels que vos ressources, votre niveau d&rsquo;autonomie&#8230;\n<strong>La PCH prend-elle en charge des frais de transport ?<br \/>\n<\/strong>Concernant le transport, l&rsquo;aide comprend les surco\u00fbts li\u00e9s aux trajets mais aussi \u00e0 l&rsquo;am\u00e9nagement de votre v\u00e9hicule adapt\u00e9.\n<p>Les surco\u00fbts li\u00e9s aux trajets sont pris en charge s&rsquo;il s&rsquo;agit :<\/p>\n<ul>\n<li>de transports r\u00e9guliers ou fr\u00e9quents<\/li>\n<li>de transports entre le domicile et l&rsquo;h\u00f4pital s&rsquo;ils sont effectu\u00e9s par un tiers<\/li>\n<li>si la distance aller-retour est sup\u00e9rieure \u00e0 50 km.<\/li>\n<\/ul>\n<p>Sachez que dans le cadre de l&rsquo;achat d&rsquo;un v\u00e9hicule am\u00e9nag\u00e9, il existe \u00e9galement des aides du c\u00f4t\u00e9 des\u00a0<a href=\"http:\/\/www.autonome.me\/index.php\/dossier-mdph\/\">MDPH<\/a>\u00a0et de\u00a0l&rsquo;agefiph.<\/p>\n<strong>Quels sont les montants de la PCH li\u00e9s au transport ?<br \/>\n<\/strong>Voici un tableau r\u00e9capitulatif, non exhaustif des m\u00e9thodes de calcul 2018 des aides accord\u00e9es par la PCH, relatives aux transports.\n<table border=\"1\">\n<tbody>\n<tr>\n<th>Aides<\/th>\n<th>Prise en charge si vos ressources sont inf\u00e9rieures \u00e0 26 845\u20ac\/an<\/th>\n<th>Prise en charge si vos ressources sont sup\u00e9rieures \u00e0 26 845\u20ac\/an<\/th>\n<\/tr>\n<tr>\n<th>Co\u00fbts d&rsquo;am\u00e9nagement du v\u00e9hicule jusqu&rsquo;\u00e0 1 500\u20ac<\/th>\n<td>A 100%<\/td>\n<td>A 80%<\/td>\n<\/tr>\n<tr>\n<th>Co\u00fbts d&rsquo;am\u00e9nagement du v\u00e9hicule au-del\u00e0 de 1 500\u20ac<\/th>\n<td>A 75 % plafonn\u00e9e \u00e0 5 000 \u20ac sur 5 ans<\/td>\n<td>A 75 % plafonn\u00e9e \u00e0 5 000 \u20ac sur 5 ans<\/td>\n<\/tr>\n<tr>\n<th>Surco\u00fbts li\u00e9s au transport : avec une voiture<\/th>\n<td>A 100% plafonn\u00e9e \u00e0 0,5\u20ac\/km et 12 000\u20ac sur 5 ans<\/td>\n<td>A 80% plafonn\u00e9e \u00e0 0,5\u20ac\/km et 12 000\u20ac sur 5 ans<\/td>\n<\/tr>\n<tr>\n<th>Surco\u00fbts li\u00e9s au transport : autre<\/th>\n<td>A 75% plafonn\u00e9e \u00e0 5 000\u20ac sur 5 ans<\/td>\n<td>A 75% plafonn\u00e9e \u00e0 5 000\u20ac sur 5 ans<\/td>\n<\/tr>\n<\/tbody>\n<\/table>\n\n<strong>\u00c2ge<br \/>\n<\/strong>Pour pouvoir b\u00e9n\u00e9ficier de la PCH, vous devez avoir moins de 60 ans, sauf :\n<ul>\n<li>si vous exercez toujours une activit\u00e9 professionnelle<\/li>\n<li>si vous \u00e9tiez handicap\u00e9 avant 60 ans (que vous ne pouviez pas effectuer une activit\u00e9 seul : mobilit\u00e9, entretien personnel, communication, t\u00e2ches quotidiennes) et que vous n&rsquo;avez pas encore 75 ans.<\/li>\n<\/ul>\n<strong>Situation<br \/>\n<\/strong>Vous devez \u00eatre dans une \u00ab\u00a0difficult\u00e9 absolue*\u00a0\u00bb pour r\u00e9aliser une activit\u00e9 seul (mobilit\u00e9, entretien personnel, communication, t\u00e2ches quotidiennes) ou bien une \u00ab\u00a0difficult\u00e9 grave**\u00a0\u00bb pour r\u00e9aliser deux de ces t\u00e2ches.\n<em>* \u00ab\u00a0Difficult\u00e9 absolue\u00a0\u00bb : la t\u00e2che ne peut pas du tout \u00eatre r\u00e9alis\u00e9e seule<\/em><br \/>\n<em>** \u00ab\u00a0Difficult\u00e9 grave\u00a0\u00bb : la t\u00e2che est r\u00e9alis\u00e9e difficilement par la personne<\/em>\n<p>Pour la partie PCH transport : vous devez \u00eatre titulaire du permis portant la mention d&rsquo;un poste de conduite adapt\u00e9.<\/p>\n<p>Important: Vous ne pouvez pas b\u00e9n\u00e9ficier de la PCH si vous percevez d\u00e9j\u00e0 l&rsquo;allocation personnalis\u00e9e d&rsquo;autonomie (Apa). Dans le cas d&rsquo;un enfant, pour pouvoir percevoir la PCH votre enfant doit avoir moins de 20 ans et vous devez toucher l&rsquo;allocation d&rsquo;\u00e9ducation de l&rsquo;enfant handicap\u00e9 (AEEH).<\/p>\n<strong>R\u00e9sidence<br \/>\n<\/strong>Vous devez r\u00e9sider en France.<br \/>\nVous pouvez b\u00e9n\u00e9ficier de la PCH si vous \u00eates h\u00e9berg\u00e9 en \u00e9tablissement social ou m\u00e9dico-social ou hospitalis\u00e9.\n<strong>Ressources<br \/>\n<\/strong>La PCH n&rsquo;est pas soumise aux revenus, cependant le montant varie en fonction de vos ressources. Si vos ressources sont inf\u00e9rieures \u00e0 26 845,70 \u20ac par an vous pouvez pr\u00e9tendre \u00e0 100% de la PCH. Si elles sont sup\u00e9rieures, vous pouvez pr\u00e9tendre \u00e0 80 % de la PCH.\n<p>Le calcul des ressources pour le montant de la PCH prend en compte notamment :<\/p>\n<ul>\n<li>Vos revenus<\/li>\n<li>Votre retraite<\/li>\n<li>Vos pensions<\/li>\n<li>Vos allocations<\/li>\n<li>Vos aides<\/li>\n<li>Vos primes d&rsquo;activit\u00e9<\/li>\n<\/ul>\n<strong>Quels sont les d\u00e9marches pour obtenir le PCH ?<br \/>\n<\/strong>Afin de b\u00e9n\u00e9ficier de l&rsquo;allocation PCH, vous devez :\n<ul>\n<li>T\u00e9l\u00e9charger et remplir le formulaire Cerfa n\u00b0 13788*01:\n<ul>\n<li>A t\u00e9l\u00e9charger ici\u00a0 https:\/\/demarchesadministratives.fr\/formulaires\/cerfa-13788-01-formulaire-de-demandes-aupres-de-la-mdph<\/li>\n<\/ul>\n<\/li>\n<li>T\u00e9l\u00e9charger, faire remplir par votre m\u00e9decin et joindre :\n<ul>\n<li>Le certificat m\u00e9dical (Cerfa n\u00b015695*01)<\/li>\n<li>Compte rendu type pour un bilan auditif (Cerfa n\u00b015695*01 &#8211; volet 1)<\/li>\n<li>Compte rendu type pour un bilan ophtalmologique (Cerfa n\u00b015695*01 &#8211; volet 2)<\/li>\n<\/ul>\n<\/li>\n<\/ul>\n<p>Vous trouvez ici une aide pour remplir votre dossier<\/p>\n<ul>\n<li>Comprendre et\u00a0<a href=\"https:\/\/www.formulaires.modernisation.gouv.fr\/gf\/getNotice.do?cerfaNotice=52154&amp;cerfaFormulaire=15695\">bien remplir le certificat m\u00e9dical de la MDPH<\/a><\/li>\n<\/ul>\n<p>Vous devez ensuite envoyer par courrier recommand\u00e9 votre dossier \u00e0 la\u00a0<a href=\"http:\/\/www.autonome.me\/index.php\/dossier-mdph\/\">MDPH<\/a>\u00a0de votre d\u00e9partement.<\/p>\n<strong>Quel est le calendrier de versement de la PCH ?<br \/>\n<\/strong>La date de versement PCH est effectu\u00e9e g\u00e9n\u00e9ralement en fin de mois tous les mois sur votre compte bancaire. La\u00a0<a href=\"https:\/\/www.wheeliz.com\/fr\/aides\/aide-mdph-pour-achat-vehicule\">MDPH<\/a>\u00a0de votre d\u00e9partement se charge d&rsquo;effectuer le virement.\n<hr \/>\n<h1>Aide MDPH pour achat de v\u00e9hicule<\/h1>\n<p>Vous souhaitez acheter un v\u00e9hicule adapt\u00e9 ou en faire am\u00e9nager d&rsquo;occasion, voici les aides qui existent pour r\u00e9duire l&rsquo;addition.<\/p>\n<strong>Quelles sont les aides financi\u00e8res de la Maison D\u00e9partementale des Personnes Handicap\u00e9es ?<br \/>\n<\/strong>Il n&rsquo;existe pas d&rsquo;aide de la MDPH pour l&rsquo;<strong>achat d&rsquo;un v\u00e9hicule am\u00e9nag\u00e9<\/strong>. Cependant, la MDPH peut vous fournir une aide sous forme d&rsquo;allocation PCH (Prestation de compensation du handicap) pour\u00a0<strong>am\u00e9nager votre v\u00e9hicule<\/strong>.\n<strong>MDPH : une aide pour l&rsquo;am\u00e9nagement et le transport avec la PCH<br \/>\n<\/strong>La Maison D\u00e9partementale des Personnes Handicap\u00e9es peut vous fournir une aide pour\u00a0<strong>am\u00e9nager votre v\u00e9hicule<\/strong>\u00a0\u00e0 votre handicap. L&rsquo;am\u00e9nagement correspond \u00e0 l&rsquo;am\u00e9nagement du poste de conduite : boule au volant, acc\u00e9l\u00e9rateur ou frein au volant par exemple.\n<p>Pour savoir si vous pouvez b\u00e9n\u00e9ficier de l&rsquo;aide de votre MDPH pour l&rsquo;am\u00e9nagement de votre v\u00e9hicule, vous pouvez consulter notre partie sur cette aide sp\u00e9cifique la\u00a0<a href=\"http:\/\/www.autonome.me\/index.php\/dossier-mdph\/\">PCH : la Prestation de compensation du handicap<\/a>.<\/p>\n<strong>Les aides d\u00e9di\u00e9s \u00e0 l&rsquo;achat d&rsquo;un vehicule am\u00e9nag\u00e9<br \/>\n<\/strong>L&rsquo;Agefiph de votre r\u00e9gion peut vous aider en vous apportant une\u00a0aide financi\u00e8re d\u00e9di\u00e9e \u00e0 l&rsquo;achat d&rsquo;un v\u00e9hicule am\u00e9nag\u00e9.\n<hr \/>\n\n","protected":false},"excerpt":{"rendered":"<p>Il existe plusieurs aides financi\u00e8res \u00e0 destination des personnes handicap\u00e9es pour compenser les surco\u00fbts qui peuvent exister au quotidien. Voici quelques informations qui peuvent vous \u00eatre utiles notamment sur les questions de prise en charge de transport ou d&rsquo;achat d&rsquo;un v\u00e9hicule am\u00e9nag\u00e9. Parmi les diff\u00e9rentes aides de financement qui existent pour l&rsquo;achat d&rsquo;un v\u00e9hicule am\u00e9nag\u00e9, [&hellip;]<\/p>\n","protected":false},"author":1,"featured_media":0,"parent":0,"menu_order":0,"comment_status":"closed","ping_status":"closed","template":"","meta":[],"_links":{"self":[{"href":"https:\/\/www.autonome.me\/index.php\/wp-json\/wp\/v2\/pages\/199"}],"collection":[{"href":"https:\/\/www.autonome.me\/index.php\/wp-json\/wp\/v2\/pages"}],"about":[{"href":"https:\/\/www.autonome.me\/index.php\/wp-json\/wp\/v2\/types\/page"}],"author":[{"embeddable":true,"href":"https:\/\/www.autonome.me\/index.php\/wp-json\/wp\/v2\/users\/1"}],"replies":[{"embeddable":true,"href":"https:\/\/www.autonome.me\/index.php\/wp-json\/wp\/v2\/comments?post=199"}],"version-history":[{"count":5,"href":"https:\/\/www.autonome.me\/index.php\/wp-json\/wp\/v2\/pages\/199\/revisions"}],"predecessor-version":[{"id":331,"href":"https:\/\/www.autonome.me\/index.php\/wp-json\/wp\/v2\/pages\/199\/revisions\/331"}],"wp:attachment":[{"href":"https:\/\/www.autonome.me\/index.php\/wp-json\/wp\/v2\/media?parent=199"}],"curies":[{"name":"wp","href":"https:\/\/api.w.org\/{rel}","templated":true}]}}