{"id":245,"date":"2020-09-06T13:39:40","date_gmt":"2020-09-06T11:39:40","guid":{"rendered":"http:\/\/www.autonome.me\/?page_id=245"},"modified":"2020-09-06T14:22:55","modified_gmt":"2020-09-06T12:22:55","slug":"cgv","status":"publish","type":"page","link":"https:\/\/www.autonome.me\/index.php\/cgv\/","title":{"rendered":"CGV"},"content":{"rendered":"\n\t<h1>Mentions l\u00e9gales<\/h1>\n\t<p>\u00e0 compl\u00e9ter<\/p>\n","protected":false},"excerpt":{"rendered":"<p>Mentions l\u00e9gales \u00e0 compl\u00e9ter<\/p>\n","protected":false},"author":1,"featured_media":0,"parent":0,"menu_order":0,"comment_status":"closed","ping_status":"closed","template":"","meta":[],"_links":{"self":[{"href":"https:\/\/www.autonome.me\/index.php\/wp-json\/wp\/v2\/pages\/245"}],"collection":[{"href":"https:\/\/www.autonome.me\/index.php\/wp-json\/wp\/v2\/pages"}],"about":[{"href":"https:\/\/www.autonome.me\/index.php\/wp-json\/wp\/v2\/types\/page"}],"author":[{"embeddable":true,"href":"https:\/\/www.autonome.me\/index.php\/wp-json\/wp\/v2\/users\/1"}],"replies":[{"embeddable":true,"href":"https:\/\/www.autonome.me\/index.php\/wp-json\/wp\/v2\/comments?post=245"}],"version-history":[{"count":2,"href":"https:\/\/www.autonome.me\/index.php\/wp-json\/wp\/v2\/pages\/245\/revisions"}],"predecessor-version":[{"id":267,"href":"https:\/\/www.autonome.me\/index.php\/wp-json\/wp\/v2\/pages\/245\/revisions\/267"}],"wp:attachment":[{"href":"https:\/\/www.autonome.me\/index.php\/wp-json\/wp\/v2\/media?parent=245"}],"curies":[{"name":"wp","href":"https:\/\/api.w.org\/{rel}","templated":true}]}}