{"id":9,"date":"2020-03-15T13:37:29","date_gmt":"2020-03-15T12:37:29","guid":{"rendered":"http:\/\/www.autonome.me\/?page_id=9"},"modified":"2023-11-01T13:33:46","modified_gmt":"2023-11-01T12:33:46","slug":"accueil","status":"publish","type":"page","link":"https:\/\/www.autonome.me\/","title":{"rendered":"Accueil"},"content":{"rendered":"\n\n\t<a class=\"maxbutton-2 maxbutton maxbutton-reserver-un-vehicule-adapte\" href=\"https:\/\/www.autonome.me\/commande\"><span class='mb-text'>R\u00e9server un v\u00e9hicule adapt\u00e9<\/span><\/a>\n<p>&nbsp;<\/p>\n\t\t\t\t<img src=\"http:\/\/www.autonome.me\/wp-content\/uploads\/2020\/09\/IMG24156-scaled-e1610015566801.jpg\" alt=\"IMG24156\" itemprop=\"image\" title=\"IMG24156\" onerror=\"this.style.display='none'\"  \/>\n\t<h2>AUTONOME<\/h2>\n<hr \/>\n<p>&nbsp;<\/p>\n<p>L&rsquo;objectif d&rsquo;autonome : faciliter le quotidien des personnes \u00e0 mobilit\u00e9 r\u00e9duite via la location de v\u00e9hicules adapt\u00e9s dans toute la r\u00e9gion Auvergne-Rh\u00f4ne-Alpes.<\/p>\n<h2><strong>06 50 04 78 74<\/strong><\/h2>\n<p>&nbsp;<\/p>\n<a class=\"maxbutton-2 maxbutton maxbutton-reserver-un-vehicule-adapte\" href=\"https:\/\/www.autonome.me\/commande\"><span class='mb-text'>R\u00e9server un v\u00e9hicule adapt\u00e9<\/span><\/a>\n<p>&nbsp;<\/p>\n\t<h3 id=\"vehicules-disponibles\"><strong>V\u00e9hicules disponibles chez Autonome<\/strong><\/h3>\n\t\t\t\t<img src=\"http:\/\/www.autonome.me\/wp-content\/uploads\/2023\/10\/06d2A7118-183-scaled.jpg\" alt=\"06d2A7118 (183)\" itemprop=\"image\" title=\"06d2A7118 (183)\" onerror=\"this.style.display='none'\"  \/>\n\t<h4>BERLINGO TPMR<br \/>\nCitro\u00ebn<\/h4>\n<strong>R\u00e9f. :\u00a0STD5102-2<br \/>\n<\/strong><img loading=\"lazy\" src=\"http:\/\/www.autonome.me\/wp-content\/uploads\/2020\/09\/wheelchair-150x150.png\" alt=\"\" width=\"29\" height=\"30\" \/> Capacit\u00e9 : 1\u00a0 fauteuil + 3\/4 places assises\n<hr \/>\nAm\u00e9nagement :\u00a0handicap avec d\u00e9caissement extra large et profond, deux si\u00e8ges arri\u00e8re confortables et amovibles, une rampe d&rsquo;acc\u00e8s manuelle en deux volets et repliable dans le coffre, 4 points d&rsquo;arrimage et une ceinture de s\u00e9curit\u00e9 3 points facile \u00e0 installer pour le passager en fauteuil roulant\u200b\n<p>\u00c0 partir de : 68\u20ac et 100kms inclus<\/p>\n<p>&nbsp;<\/p>\n\t\t\t\t<img src=\"http:\/\/www.autonome.me\/wp-content\/uploads\/2023\/10\/06d2A7118-203-scaled.jpg\" alt=\"06d2A7118 (203)\" itemprop=\"image\" title=\"06d2A7118 (203)\" onerror=\"this.style.display='none'\"  \/>\n\t<h4>SCUDO TPMR<br \/>\nFiat<\/h4>\n<strong>R\u00e9f. :\u00a0STD5102-2<br \/>\n<\/strong><img loading=\"lazy\" src=\"http:\/\/www.autonome.me\/wp-content\/uploads\/2020\/09\/wheelchair-150x150.png\" alt=\"\" width=\"29\" height=\"30\" \/> Capacit\u00e9 : 1 fauteuil + 6 places assises\n<hr \/>\nAm\u00e9nagement : handicap avec d\u00e9caissement extra large et profond, trois si\u00e8ges arri\u00e8re confortables et amovibles, une rampe d&rsquo;acc\u00e8s manuelle en deux volets et repliable dans le coffre, 4 points d&rsquo;arrimage et une ceinture de s\u00e9curit\u00e9 3 points facile \u00e0 installer pour le passager en fauteuil roulant\u200b\n<p>\u00c0 partir de : 90\u20ac + 100 kms inclus<\/p>\n\t\t\t\t<img src=\"http:\/\/www.autonome.me\/wp-content\/uploads\/2023\/10\/06d2A7118-257-scaled.jpg\" alt=\"06d2A7118 (257)\" itemprop=\"image\" title=\"06d2A7118 (257)\" onerror=\"this.style.display='none'\"  \/>\n\t<h4>BERLINGO TPMR<br \/>\nCitro\u00ebn<\/h4>\n<strong>R\u00e9f. :\u00a0STD5102-2<br \/>\n<\/strong><img loading=\"lazy\" src=\"http:\/\/www.autonome.me\/wp-content\/uploads\/2020\/09\/wheelchair-150x150.png\" alt=\"\" width=\"29\" height=\"30\" \/> Capacit\u00e9 : 1 fauteuil + 3\/4 places assises\n<hr \/>\nAm\u00e9nagement :\u00a0handicap avec d\u00e9caissement extra large et profond, deux si\u00e8ges arri\u00e8re confortables et amovibles, une rampe d&rsquo;acc\u00e8s manuelle en deux volets et repliable dans le coffre, 4 points d&rsquo;arrimage et une ceinture de s\u00e9curit\u00e9 3 points facile \u00e0 installer pour le passager en fauteuil roulant\u200b\n<p>\u00c0 partir de : 68\u20ac + 100 kms inclus<\/p>\n<p>&nbsp;<\/p>\n\t<h3 id=\"pourquoi-louer-chez-autonome\">Pourquoi louer un v\u00e9hicule chez Autonome ?<\/h3>\n\t\t\t\t<img src=\"http:\/\/www.autonome.me\/wp-content\/uploads\/2020\/09\/ville81468753_104526137745850_3372674149230051328_o.png\" alt=\"ville81468753_104526137745850_3372674149230051328_o\" itemprop=\"image\" title=\"ville81468753_104526137745850_3372674149230051328_o\" onerror=\"this.style.display='none'\"  \/>\n\t<h5>::<\/h5>\n<h5><strong>Nouveau service dans la Loire\u00a0<\/strong><\/h5>\n<p>Autonome est la premi\u00e8re association du d\u00e9partement de la Loire \u00e0 proposer de la location de v\u00e9hicules adapt\u00e9s pour les personnes en fauteuil !<\/p>\n\t\t\t\t<img src=\"http:\/\/www.autonome.me\/wp-content\/uploads\/2020\/09\/assureur-150x150.png\" alt=\"assureur\" itemprop=\"image\" title=\"assureur\" onerror=\"this.style.display='none'\"  \/>\n\t<h5><strong>Assurance tous risques<\/strong><\/h5>\n<p>La MAIF assure le v\u00e9hicule du propri\u00e9taire et le locataire pendant toute la dur\u00e9e de la location.<\/p>\n\t\t\t\t<img src=\"http:\/\/www.autonome.me\/wp-content\/uploads\/2020\/09\/heart-150x150.png\" alt=\"heart\" itemprop=\"image\" title=\"heart\" onerror=\"this.style.display='none'\"  \/>\n\t<h5><strong>Une communaut\u00e9 solidaire<\/strong><\/h5>\n<p>Faites partie d&rsquo;une communaut\u00e9 d&rsquo;adh\u00e9rents concern\u00e9s par la mobilit\u00e9 pour tous !<\/p>\n\t\t\t\t<img src=\"https:\/\/www.autonome.me\/wp-content\/plugins\/beaver-builder-lite-version\/img\/pixel.png\" alt=\"\" itemprop=\"image\" onerror=\"this.style.display='none'\"  \/>\n\t\t\t\t<img src=\"http:\/\/www.autonome.me\/wp-content\/uploads\/2020\/09\/assureur.png\" alt=\"assureur\" itemprop=\"image\" title=\"assureur\" onerror=\"this.style.display='none'\"  \/>\n\t\n<h4>Toutes les locations d&rsquo;Autonome sont assur\u00e9es par la MAIF<\/h4>\n<p>Assurances multi-conducteurs vous \u00eates dons assur\u00e9s lorsque vous louez le v\u00e9hicule chez Autonome<\/p>\n\t<h2 id=\"nos-partenaires\">Nos partenaires<\/h2>\n\t\t\t\t<img src=\"http:\/\/www.autonome.me\/wp-content\/uploads\/2023\/10\/05-logo-ronalpia-bleu-et-jaune-1.png\" alt=\"05-logo-ronalpia-bleu-et-jaune-1\" itemprop=\"image\" title=\"05-logo-ronalpia-bleu-et-jaune-1\" onerror=\"this.style.display='none'\"  \/>\n\t\t\t\t<img src=\"http:\/\/www.autonome.me\/wp-content\/uploads\/2023\/10\/04-logo_aidauto42_2021.png\" alt=\"04-logo_aidauto42_2021\" itemprop=\"image\" title=\"04-logo_aidauto42_2021\" onerror=\"this.style.display='none'\"  \/>\n\t\t\t\t<img src=\"http:\/\/www.autonome.me\/wp-content\/uploads\/2023\/10\/01-Logo-AG2R-La-Mondiale.jpg\" alt=\"Web\" itemprop=\"image\" title=\"Web\" onerror=\"this.style.display='none'\"  \/>\n\t\t\t\t<img src=\"http:\/\/www.autonome.me\/wp-content\/uploads\/2023\/10\/02-Logo-Ville-LE-CHAMBON-FEUGEROLLES.png\" alt=\"02-Logo-Ville LE CHAMBON FEUGEROLLES\" itemprop=\"image\" title=\"02-Logo-Ville LE CHAMBON FEUGEROLLES\" onerror=\"this.style.display='none'\"  \/>\n\t\t\t\t<img src=\"http:\/\/www.autonome.me\/wp-content\/uploads\/2023\/10\/03-Logo_Fondation-Caisse-dEpargne-Rhone-Alpes.png\" alt=\"03-Logo_Fondation Caisse d'Epargne Rh\u00f4ne-Alpes\" itemprop=\"image\" title=\"03-Logo_Fondation Caisse d'Epargne Rh\u00f4ne-Alpes\" onerror=\"this.style.display='none'\"  \/>\n\t\t\t\t<img src=\"http:\/\/www.autonome.me\/wp-content\/uploads\/2023\/10\/07-Logo-Region-Gris-pastille-Bleue-EPS-RVB.jpg\" alt=\"07-Logo-Region-Gris-pastille-Bleue-EPS-RVB\" itemprop=\"image\" title=\"07-Logo-Region-Gris-pastille-Bleue-EPS-RVB\" onerror=\"this.style.display='none'\"  \/>\n\t\t\t\t<img src=\"http:\/\/www.autonome.me\/wp-content\/uploads\/2023\/10\/08-Logo-petit-format-Loire-Le-Departement-couleur.jpg\" alt=\"08-Logo petit format-Loire Le D\u00e9partement-couleur\" itemprop=\"image\" title=\"08-Logo petit format-Loire Le D\u00e9partement-couleur\" onerror=\"this.style.display='none'\"  \/>\n\t\t\t\t<img src=\"http:\/\/www.autonome.me\/wp-content\/uploads\/2023\/10\/09B-Firminy-UNESCO-CMJN-PT.jpg\" alt=\"Firminy-UNESCO-CMJN\" itemprop=\"image\" title=\"Firminy-UNESCO-CMJN\" onerror=\"this.style.display='none'\"  \/>\n\t\t\t\t<img src=\"http:\/\/www.autonome.me\/wp-content\/uploads\/2023\/10\/10B-logo-stas-couleur-.png\" alt=\"10B-logo-stas-couleur-\" itemprop=\"image\" title=\"10B-logo-stas-couleur-\" onerror=\"this.style.display='none'\"  \/>\n\t\t\t\t<img src=\"http:\/\/www.autonome.me\/wp-content\/uploads\/2023\/10\/11-Logo-HandiStas.png\" alt=\"11-Logo Handi'Stas\" itemprop=\"image\" title=\"11-Logo Handi'Stas\" onerror=\"this.style.display='none'\"  \/>\n\t\t\t\t<img src=\"http:\/\/www.autonome.me\/wp-content\/uploads\/2023\/10\/12A-Logo-TRANSDEV.jpg\" alt=\"12A-Logo TRANSDEV\" itemprop=\"image\" title=\"12A-Logo TRANSDEV\" onerror=\"this.style.display='none'\"  \/>\n\t\t\t\t<img src=\"http:\/\/www.autonome.me\/wp-content\/uploads\/2023\/10\/13C-LOGOPARTENAIRE-2022.png\" alt=\"13C-LOGOPARTENAIRE-2022\" itemprop=\"image\" title=\"13C-LOGOPARTENAIRE-2022\" onerror=\"this.style.display='none'\"  \/>\n\t\t\t\t<img src=\"http:\/\/www.autonome.me\/wp-content\/uploads\/2023\/10\/14A-LogoPartenaireSEM.png\" alt=\"14A-LogoPartenaireSEM\" itemprop=\"image\" title=\"14A-LogoPartenaireSEM\" onerror=\"this.style.display='none'\"  \/>\n\t\t\t\t<img src=\"http:\/\/www.autonome.me\/wp-content\/uploads\/2023\/10\/15-CM-quadri-300-dpi-scaled.jpg\" alt=\"15-CM quadri 300 dpi\" itemprop=\"image\" title=\"15-CM quadri 300 dpi\" onerror=\"this.style.display='none'\"  \/>\n\t\t\t\t<img src=\"http:\/\/www.autonome.me\/wp-content\/uploads\/2023\/10\/16-Logo_CIGALES.png\" alt=\"16-Logo_CIGALES\" itemprop=\"image\" title=\"16-Logo_CIGALES\" onerror=\"this.style.display='none'\"  \/>\n\t\t\t\t<img src=\"http:\/\/www.autonome.me\/wp-content\/uploads\/2023\/10\/17-logo_France-Active_150x75-1.png\" alt=\"17-logo_France-Active_150x75-1\" itemprop=\"image\" title=\"17-logo_France-Active_150x75-1\" onerror=\"this.style.display='none'\"  \/>\n\t\t\t\t<img src=\"http:\/\/www.autonome.me\/wp-content\/uploads\/2023\/10\/18-Logo-Djilali-ProjectArt.png\" alt=\"18-Logo Djilali &amp; Project'Art\" itemprop=\"image\" title=\"18-Logo Djilali &amp; Project'Art\" onerror=\"this.style.display='none'\"  \/>\n\t\t\t\t<img src=\"http:\/\/www.autonome.me\/wp-content\/uploads\/2023\/10\/19-logo-Pro-Enseignes.jpg\" alt=\"19-logo-Pro Enseignes\" itemprop=\"image\" title=\"19-logo-Pro Enseignes\" onerror=\"this.style.display='none'\"  \/>\n\t\t\t\t<img src=\"http:\/\/www.autonome.me\/wp-content\/uploads\/2023\/10\/20-logo-Envie-Autonomie.png\" alt=\"20-logo-Envie Autonomie\" itemprop=\"image\" title=\"20-logo-Envie Autonomie\" onerror=\"this.style.display='none'\"  \/>\n\t\t\t\t<img loading=\"lazy\" src=\"https:\/\/www.autonome.me\/wp-content\/uploads\/2023\/10\/Cap-Emploi-Logo.png\" alt=\"Cap-Emploi- Logo\" itemprop=\"image\" height=\"809\" width=\"1537\" title=\"Cap-Emploi- Logo\" onerror=\"this.style.display='none'\"  \/>\n\t<h3 id=\"t\u00e9moignages\">Pourquoi louent-ils chez Autonome ?<\/h3>\n\t\t\t\t<img src=\"http:\/\/www.autonome.me\/wp-content\/uploads\/2023\/10\/PhotoCollage_20201021_161824649.jpg\" alt=\"PhotoCollage_20201021_161824649\" itemprop=\"image\" title=\"PhotoCollage_20201021_161824649\" onerror=\"this.style.display='none'\"  \/>\n\t<h5>T\u00e9moignage adh\u00e9rent TPMR<\/h5>\n<p>Je recommande, j&rsquo;ai lou\u00e9 un partner ce qui m&rsquo;a permis de passer une belle journ\u00e9e \u00e0 la campagne. A refaire.<\/p>\n<p>Merci \u00e0 Marline et Georges pour leur d\u00e9vouement.<\/p>\n<p>Martine G.<\/p>\n<p>&nbsp;<\/p>\n\t\t\t\t<img src=\"http:\/\/www.autonome.me\/wp-content\/uploads\/2023\/10\/IMG_20220827_185605.jpg\" alt=\"IMG_20220827_185605\" itemprop=\"image\" title=\"IMG_20220827_185605\" onerror=\"this.style.display='none'\"  \/>\n\t<h5>T\u00e9moignage adh\u00e9rent proche aidant<\/h5>\n<p>Au top ! B\u00e9n\u00e9voles disponibles, ce moyen redonne de l&rsquo;espoir aux familles qui peuvent pr\u00e9tendre \u00e0 un semblant de normalit\u00e9&#8230; dans un monde o\u00f9 le handicap est si compliqu\u00e9 \u00e0 vivre pour la personne et son entourage.<\/p>\n<p>Merci&#8230;&#8230;.<\/p>\n<p>CMNL<\/p>\n\t\t\t\t<img src=\"http:\/\/www.autonome.me\/wp-content\/uploads\/2023\/10\/IMG_20220701_200316-scaled.jpg\" alt=\"IMG_20220701_200316\" itemprop=\"image\" title=\"IMG_20220701_200316\" onerror=\"this.style.display='none'\"  \/>\n\t<h5>T\u00e9moignage adh\u00e9rent pro<\/h5>\n<p>Tr\u00e8s bon services, \u00e9quipe \u00e0 l&rsquo;\u00e9coute, r\u00e9actifs et disponibles pour r\u00e9pondre \u00e0 nos besoins.<\/p>\n<p>AVL<\/p>\n\t<h3 id=\"infos-pratiques\">Informations pratiques &#8211; v\u00e9hicules adapt\u00e9s<\/h3>\n\t\t\t\t<img src=\"http:\/\/www.autonome.me\/wp-content\/uploads\/2020\/07\/absolutvision-UudGNHJdNSo-unsplash-scaled.jpg\" alt=\"absolutvision-UudGNHJdNSo-unsplash\" itemprop=\"image\" title=\"absolutvision-UudGNHJdNSo-unsplash\" onerror=\"this.style.display='none'\"  \/>\n\t<p><a href=\"http:\/\/www.autonome.me\/index.php\/stationnement-handicape\/\">Stationnement handicap\u00e9<\/a><\/p>\n\t\t\t\t<a href=\"http:\/\/www.autonome.me\/index.php\/assurance-auto-handicape\/\" target=\"_self\" itemprop=\"url\" rel=\"noopener noreferrer\">\n\t\t\t\t<img src=\"http:\/\/www.autonome.me\/wp-content\/uploads\/2020\/07\/ecomatin.net-assurance-automobile-nsia-supplante-chanas-et-beneficial-au-pndp-assurance-voiture.jpg\" alt=\"assurance\" itemprop=\"image\" title=\"assurance\" onerror=\"this.style.display='none'\"  \/>\n\t\t\t\t<\/a>\n\t<p>Assurance auto handicap\u00e9<\/p>\n\t\t\t\t<img src=\"http:\/\/www.autonome.me\/wp-content\/uploads\/2020\/07\/unnamed.jpg\" alt=\"unnamed\" itemprop=\"image\" title=\"unnamed\" onerror=\"this.style.display='none'\"  \/>\n\t<p><a href=\"http:\/\/www.autonome.me\/index.php\/dossier-mdph\/\">Dossier MDPH<\/a><\/p>\n\t\t\t\t<img src=\"http:\/\/www.autonome.me\/wp-content\/uploads\/2020\/07\/Quel-est-parcours-achat-voiture-neuve-F.jpg\" alt=\"Quel-est-parcours-achat-voiture-neuve--F\" itemprop=\"image\" title=\"Quel-est-parcours-achat-voiture-neuve--F\" onerror=\"this.style.display='none'\"  \/>\n\t<p><a href=\"http:\/\/www.autonome.me\/index.php\/aides-aux-personnes-handicapees\/\">Aides aux personnes handicap\u00e9es<\/a><\/p>\n\n","protected":false},"excerpt":{"rendered":"<p>&nbsp; AUTONOME &nbsp; L&rsquo;objectif d&rsquo;autonome : faciliter le quotidien des personnes \u00e0 mobilit\u00e9 r\u00e9duite via la location de v\u00e9hicules adapt\u00e9s dans toute la r\u00e9gion Auvergne-Rh\u00f4ne-Alpes. 06 50 04 78 74 &nbsp; &nbsp; V\u00e9hicules disponibles chez Autonome BERLINGO TPMR Citro\u00ebn R\u00e9f. :\u00a0STD5102-2 Capacit\u00e9 : 1\u00a0 fauteuil + 3\/4 places assises Am\u00e9nagement :\u00a0handicap avec d\u00e9caissement extra large [&hellip;]<\/p>\n","protected":false},"author":1,"featured_media":0,"parent":0,"menu_order":0,"comment_status":"closed","ping_status":"closed","template":"","meta":[],"_links":{"self":[{"href":"https:\/\/www.autonome.me\/index.php\/wp-json\/wp\/v2\/pages\/9"}],"collection":[{"href":"https:\/\/www.autonome.me\/index.php\/wp-json\/wp\/v2\/pages"}],"about":[{"href":"https:\/\/www.autonome.me\/index.php\/wp-json\/wp\/v2\/types\/page"}],"author":[{"embeddable":true,"href":"https:\/\/www.autonome.me\/index.php\/wp-json\/wp\/v2\/users\/1"}],"replies":[{"embeddable":true,"href":"https:\/\/www.autonome.me\/index.php\/wp-json\/wp\/v2\/comments?post=9"}],"version-history":[{"count":81,"href":"https:\/\/www.autonome.me\/index.php\/wp-json\/wp\/v2\/pages\/9\/revisions"}],"predecessor-version":[{"id":389,"href":"https:\/\/www.autonome.me\/index.php\/wp-json\/wp\/v2\/pages\/9\/revisions\/389"}],"wp:attachment":[{"href":"https:\/\/www.autonome.me\/index.php\/wp-json\/wp\/v2\/media?parent=9"}],"curies":[{"name":"wp","href":"https:\/\/api.w.org\/{rel}","templated":true}]}}